{"id":21,"date":"2017-02-28T21:18:37","date_gmt":"2017-02-28T20:18:37","guid":{"rendered":"http:\/\/www.schulte-martini.de\/?page_id=21"},"modified":"2025-11-30T10:20:01","modified_gmt":"2025-11-30T09:20:01","slug":"supervision","status":"publish","type":"page","link":"https:\/\/www.schulte-martini.de\/?page_id=21","title":{"rendered":"Supervision"},"content":{"rendered":"<div style=\"display: flex; justify-content: space-between;\">\n<h1 style=\"padding: 0 var(--myvspace) var(--myvspace) 0;\">Super&shy;vision<\/h1>\n<p><img loading=\"lazy\" decoding=\"async\" style=\"padding: 0 0 var(--myvspace) 0;\" src=\"https:\/\/www.schulte-martini.de\/wordpress\/wp-content\/uploads\/2025\/11\/supervision_1200_900.jpg\" alt=\"Foto Stefanie Schulte-Martini\" width=\"320\" height=\"240\" \/><\/p>\n<\/div>\n<ul class=\"fa-ul\">\n<li><span class=\"fa-li\"><i class=\"fas fa-chevron-right fa-sm\"><\/i><\/span>Supervision (vom Lateinischen \u201esupervidere \u2013 \u00fcberblicken, \u00fcbersehen\u201c) ist eine Beratungsform f\u00fcr Personen in psychosozialen Berufen.<\/li>\n<li><span class=\"fa-li\"><i class=\"fas fa-chevron-right fa-sm\"><\/i><\/span>In einem gemeinsamen Probleml\u00f6seprozess, der auf Ihre speziellen Anliegen fokussiert ist, wird eigenes berufliches Handeln \u00fcberpr\u00fcft und optimiert. Somit k\u00f6nnen Sie \u00dcberforderungen vorbeugen, die Gestaltung zwischenmenschlicher Beziehungen verbessern und die eigenen beruflichen Handlungskompetenzen erweitern.<\/li>\n<li><span class=\"fa-li\"><i class=\"fas fa-chevron-right fa-sm\"><\/i><\/span>Ich biete Einzel- und Gruppensupervision an.<\/li>\n<\/ul>\n","protected":false},"excerpt":{"rendered":"<p>Super&shy;vision Supervision (vom Lateinischen \u201esupervidere \u2013 \u00fcberblicken, \u00fcbersehen\u201c) ist eine Beratungsform f\u00fcr Personen in psychosozialen Berufen. In einem gemeinsamen Probleml\u00f6seprozess, der auf Ihre speziellen Anliegen fokussiert ist, wird eigenes berufliches Handeln \u00fcberpr\u00fcft und optimiert. Somit k\u00f6nnen Sie \u00dcberforderungen vorbeugen, die Gestaltung zwischenmenschlicher Beziehungen verbessern und die eigenen beruflichen Handlungskompetenzen erweitern. Ich biete Einzel- und Gruppensupervision &#8230; <a title=\"Supervision\" class=\"read-more\" href=\"https:\/\/www.schulte-martini.de\/?page_id=21\">Weiterlesen &#8230;<\/a><\/p>\n","protected":false},"author":1,"featured_media":0,"parent":0,"menu_order":3,"comment_status":"closed","ping_status":"closed","template":"","meta":{"footnotes":""},"class_list":["post-21","page","type-page","status-publish"],"yoast_head":"<!-- This site is optimized with the Yoast SEO plugin v27.5 - https:\/\/yoast.com\/product\/yoast-seo-wordpress\/ -->\n<title>Supervision | Stefanie Schulte-Martini - Psychotherapie &amp; Supervision - Bielefeld<\/title>\n<meta name=\"description\" content=\"Psychotherapeutische Praxis - Dipl.-Psych., Verhaltenstherapeutin, Supervisorin - Bielefeld-Innenstadt - (05 21) 92 01 12 90 - praxis@schulte-martini.de\" \/>\n<meta name=\"robots\" content=\"index, follow, max-snippet:-1, max-image-preview:large, max-video-preview:-1\" \/>\n<link rel=\"canonical\" href=\"https:\/\/www.schulte-martini.de\/?page_id=21\" \/>\n<meta property=\"og:locale\" content=\"de_DE\" \/>\n<meta property=\"og:type\" content=\"article\" \/>\n<meta property=\"og:title\" content=\"Supervision | Stefanie Schulte-Martini - Psychotherapie &amp; Supervision - Bielefeld\" \/>\n<meta property=\"og:description\" content=\"Psychotherapeutische Praxis - Dipl.-Psych., Verhaltenstherapeutin, Supervisorin - Bielefeld-Innenstadt - (05 21) 92 01 12 90 - praxis@schulte-martini.de\" \/>\n<meta property=\"og:url\" content=\"https:\/\/www.schulte-martini.de\/?page_id=21\" \/>\n<meta property=\"og:site_name\" content=\"Stefanie Schulte-Martini\" \/>\n<meta property=\"article:modified_time\" content=\"2025-11-30T09:20:01+00:00\" \/>\n<meta property=\"og:image\" content=\"http:\/\/www.schulte-martini.de\/wordpress\/wp-content\/uploads\/2025\/11\/supervision_1200_900.jpg\" \/>\n<meta name=\"twitter:card\" content=\"summary_large_image\" \/>\n<meta name=\"twitter:label1\" content=\"Gesch\u00e4tzte Lesezeit\" \/>\n\t<meta name=\"twitter:data1\" content=\"1\u00a0Minute\" \/>\n<script type=\"application\/ld+json\" class=\"yoast-schema-graph\">{\"@context\":\"https:\\\/\\\/schema.org\",\"@graph\":[{\"@type\":\"WebPage\",\"@id\":\"https:\\\/\\\/www.schulte-martini.de\\\/?page_id=21\",\"url\":\"https:\\\/\\\/www.schulte-martini.de\\\/?page_id=21\",\"name\":\"Supervision | Stefanie Schulte-Martini - Psychotherapie & Supervision - Bielefeld\",\"isPartOf\":{\"@id\":\"https:\\\/\\\/www.schulte-martini.de\\\/#website\"},\"primaryImageOfPage\":{\"@id\":\"https:\\\/\\\/www.schulte-martini.de\\\/?page_id=21#primaryimage\"},\"image\":{\"@id\":\"https:\\\/\\\/www.schulte-martini.de\\\/?page_id=21#primaryimage\"},\"thumbnailUrl\":\"http:\\\/\\\/www.schulte-martini.de\\\/wordpress\\\/wp-content\\\/uploads\\\/2025\\\/11\\\/supervision_1200_900.jpg\",\"datePublished\":\"2017-02-28T20:18:37+00:00\",\"dateModified\":\"2025-11-30T09:20:01+00:00\",\"description\":\"Psychotherapeutische Praxis - Dipl.-Psych., Verhaltenstherapeutin, Supervisorin - Bielefeld-Innenstadt - (05 21) 92 01 12 90 - praxis@schulte-martini.de\",\"breadcrumb\":{\"@id\":\"https:\\\/\\\/www.schulte-martini.de\\\/?page_id=21#breadcrumb\"},\"inLanguage\":\"de\",\"potentialAction\":[{\"@type\":\"ReadAction\",\"target\":[\"https:\\\/\\\/www.schulte-martini.de\\\/?page_id=21\"]}]},{\"@type\":\"ImageObject\",\"inLanguage\":\"de\",\"@id\":\"https:\\\/\\\/www.schulte-martini.de\\\/?page_id=21#primaryimage\",\"url\":\"http:\\\/\\\/www.schulte-martini.de\\\/wordpress\\\/wp-content\\\/uploads\\\/2025\\\/11\\\/supervision_1200_900.jpg\",\"contentUrl\":\"http:\\\/\\\/www.schulte-martini.de\\\/wordpress\\\/wp-content\\\/uploads\\\/2025\\\/11\\\/supervision_1200_900.jpg\"},{\"@type\":\"BreadcrumbList\",\"@id\":\"https:\\\/\\\/www.schulte-martini.de\\\/?page_id=21#breadcrumb\",\"itemListElement\":[{\"@type\":\"ListItem\",\"position\":1,\"name\":\"Startseite\",\"item\":\"https:\\\/\\\/www.schulte-martini.de\\\/\"},{\"@type\":\"ListItem\",\"position\":2,\"name\":\"Supervision\"}]},{\"@type\":\"WebSite\",\"@id\":\"https:\\\/\\\/www.schulte-martini.de\\\/#website\",\"url\":\"https:\\\/\\\/www.schulte-martini.de\\\/\",\"name\":\"Stefanie Schulte-Martini\",\"description\":\"Psychotherapie &amp; Supervision - Bielefeld\",\"publisher\":{\"@id\":\"https:\\\/\\\/www.schulte-martini.de\\\/#organization\"},\"potentialAction\":[{\"@type\":\"SearchAction\",\"target\":{\"@type\":\"EntryPoint\",\"urlTemplate\":\"https:\\\/\\\/www.schulte-martini.de\\\/?s={search_term_string}\"},\"query-input\":{\"@type\":\"PropertyValueSpecification\",\"valueRequired\":true,\"valueName\":\"search_term_string\"}}],\"inLanguage\":\"de\"},{\"@type\":\"Organization\",\"@id\":\"https:\\\/\\\/www.schulte-martini.de\\\/#organization\",\"name\":\"Psychotherapeutische Praxis & Supervision Dipl.-Psych. Stefanie Schulte-Martini\",\"url\":\"https:\\\/\\\/www.schulte-martini.de\\\/\",\"logo\":{\"@type\":\"ImageObject\",\"inLanguage\":\"de\",\"@id\":\"https:\\\/\\\/www.schulte-martini.de\\\/#\\\/schema\\\/logo\\\/image\\\/\",\"url\":\"https:\\\/\\\/www.schulte-martini.de\\\/wordpress\\\/wp-content\\\/uploads\\\/2022\\\/11\\\/SSM_1_square.jpg\",\"contentUrl\":\"https:\\\/\\\/www.schulte-martini.de\\\/wordpress\\\/wp-content\\\/uploads\\\/2022\\\/11\\\/SSM_1_square.jpg\",\"width\":1983,\"height\":1983,\"caption\":\"Psychotherapeutische Praxis & Supervision Dipl.-Psych. Stefanie Schulte-Martini\"},\"image\":{\"@id\":\"https:\\\/\\\/www.schulte-martini.de\\\/#\\\/schema\\\/logo\\\/image\\\/\"}}]}<\/script>\n<!-- \/ Yoast SEO plugin. -->","yoast_head_json":{"title":"Supervision | Stefanie Schulte-Martini - Psychotherapie & Supervision - Bielefeld","description":"Psychotherapeutische Praxis - Dipl.-Psych., Verhaltenstherapeutin, Supervisorin - Bielefeld-Innenstadt - (05 21) 92 01 12 90 - praxis@schulte-martini.de","robots":{"index":"index","follow":"follow","max-snippet":"max-snippet:-1","max-image-preview":"max-image-preview:large","max-video-preview":"max-video-preview:-1"},"canonical":"https:\/\/www.schulte-martini.de\/?page_id=21","og_locale":"de_DE","og_type":"article","og_title":"Supervision | Stefanie Schulte-Martini - Psychotherapie & Supervision - Bielefeld","og_description":"Psychotherapeutische Praxis - Dipl.-Psych., Verhaltenstherapeutin, Supervisorin - Bielefeld-Innenstadt - (05 21) 92 01 12 90 - praxis@schulte-martini.de","og_url":"https:\/\/www.schulte-martini.de\/?page_id=21","og_site_name":"Stefanie Schulte-Martini","article_modified_time":"2025-11-30T09:20:01+00:00","og_image":[{"url":"http:\/\/www.schulte-martini.de\/wordpress\/wp-content\/uploads\/2025\/11\/supervision_1200_900.jpg","type":"","width":"","height":""}],"twitter_card":"summary_large_image","twitter_misc":{"Gesch\u00e4tzte Lesezeit":"1\u00a0Minute"},"schema":{"@context":"https:\/\/schema.org","@graph":[{"@type":"WebPage","@id":"https:\/\/www.schulte-martini.de\/?page_id=21","url":"https:\/\/www.schulte-martini.de\/?page_id=21","name":"Supervision | Stefanie Schulte-Martini - Psychotherapie & Supervision - Bielefeld","isPartOf":{"@id":"https:\/\/www.schulte-martini.de\/#website"},"primaryImageOfPage":{"@id":"https:\/\/www.schulte-martini.de\/?page_id=21#primaryimage"},"image":{"@id":"https:\/\/www.schulte-martini.de\/?page_id=21#primaryimage"},"thumbnailUrl":"http:\/\/www.schulte-martini.de\/wordpress\/wp-content\/uploads\/2025\/11\/supervision_1200_900.jpg","datePublished":"2017-02-28T20:18:37+00:00","dateModified":"2025-11-30T09:20:01+00:00","description":"Psychotherapeutische Praxis - Dipl.-Psych., Verhaltenstherapeutin, Supervisorin - Bielefeld-Innenstadt - (05 21) 92 01 12 90 - praxis@schulte-martini.de","breadcrumb":{"@id":"https:\/\/www.schulte-martini.de\/?page_id=21#breadcrumb"},"inLanguage":"de","potentialAction":[{"@type":"ReadAction","target":["https:\/\/www.schulte-martini.de\/?page_id=21"]}]},{"@type":"ImageObject","inLanguage":"de","@id":"https:\/\/www.schulte-martini.de\/?page_id=21#primaryimage","url":"http:\/\/www.schulte-martini.de\/wordpress\/wp-content\/uploads\/2025\/11\/supervision_1200_900.jpg","contentUrl":"http:\/\/www.schulte-martini.de\/wordpress\/wp-content\/uploads\/2025\/11\/supervision_1200_900.jpg"},{"@type":"BreadcrumbList","@id":"https:\/\/www.schulte-martini.de\/?page_id=21#breadcrumb","itemListElement":[{"@type":"ListItem","position":1,"name":"Startseite","item":"https:\/\/www.schulte-martini.de\/"},{"@type":"ListItem","position":2,"name":"Supervision"}]},{"@type":"WebSite","@id":"https:\/\/www.schulte-martini.de\/#website","url":"https:\/\/www.schulte-martini.de\/","name":"Stefanie Schulte-Martini","description":"Psychotherapie &amp; Supervision - Bielefeld","publisher":{"@id":"https:\/\/www.schulte-martini.de\/#organization"},"potentialAction":[{"@type":"SearchAction","target":{"@type":"EntryPoint","urlTemplate":"https:\/\/www.schulte-martini.de\/?s={search_term_string}"},"query-input":{"@type":"PropertyValueSpecification","valueRequired":true,"valueName":"search_term_string"}}],"inLanguage":"de"},{"@type":"Organization","@id":"https:\/\/www.schulte-martini.de\/#organization","name":"Psychotherapeutische Praxis & Supervision Dipl.-Psych. Stefanie Schulte-Martini","url":"https:\/\/www.schulte-martini.de\/","logo":{"@type":"ImageObject","inLanguage":"de","@id":"https:\/\/www.schulte-martini.de\/#\/schema\/logo\/image\/","url":"https:\/\/www.schulte-martini.de\/wordpress\/wp-content\/uploads\/2022\/11\/SSM_1_square.jpg","contentUrl":"https:\/\/www.schulte-martini.de\/wordpress\/wp-content\/uploads\/2022\/11\/SSM_1_square.jpg","width":1983,"height":1983,"caption":"Psychotherapeutische Praxis & Supervision Dipl.-Psych. Stefanie Schulte-Martini"},"image":{"@id":"https:\/\/www.schulte-martini.de\/#\/schema\/logo\/image\/"}}]}},"_links":{"self":[{"href":"https:\/\/www.schulte-martini.de\/index.php?rest_route=\/wp\/v2\/pages\/21","targetHints":{"allow":["GET"]}}],"collection":[{"href":"https:\/\/www.schulte-martini.de\/index.php?rest_route=\/wp\/v2\/pages"}],"about":[{"href":"https:\/\/www.schulte-martini.de\/index.php?rest_route=\/wp\/v2\/types\/page"}],"author":[{"embeddable":true,"href":"https:\/\/www.schulte-martini.de\/index.php?rest_route=\/wp\/v2\/users\/1"}],"replies":[{"embeddable":true,"href":"https:\/\/www.schulte-martini.de\/index.php?rest_route=%2Fwp%2Fv2%2Fcomments&post=21"}],"version-history":[{"count":21,"href":"https:\/\/www.schulte-martini.de\/index.php?rest_route=\/wp\/v2\/pages\/21\/revisions"}],"predecessor-version":[{"id":1907,"href":"https:\/\/www.schulte-martini.de\/index.php?rest_route=\/wp\/v2\/pages\/21\/revisions\/1907"}],"wp:attachment":[{"href":"https:\/\/www.schulte-martini.de\/index.php?rest_route=%2Fwp%2Fv2%2Fmedia&parent=21"}],"curies":[{"name":"wp","href":"https:\/\/api.w.org\/{rel}","templated":true}]}}