{"id":23,"date":"2017-02-28T21:22:04","date_gmt":"2017-02-28T20:22:04","guid":{"rendered":"http:\/\/www.schulte-martini.de\/?page_id=23"},"modified":"2025-11-30T10:16:33","modified_gmt":"2025-11-30T09:16:33","slug":"ueber-mich","status":"publish","type":"page","link":"https:\/\/www.schulte-martini.de\/?page_id=23","title":{"rendered":"\u00dcber mich"},"content":{"rendered":"<div style=\"display: flex; justify-content: space-between;\">\n<h1 style=\"padding: 0 var(--myvspace) var(--myvspace) 0;\">\u00dcber mich<\/h1>\n<p><img loading=\"lazy\" decoding=\"async\" style=\"padding: 0 0 var(--myvspace) 0;\" src=\"https:\/\/www.schulte-martini.de\/wordpress\/wp-content\/uploads\/2025\/11\/aboutme_1200_900.jpg\" alt=\"Foto Stefanie Schulte-Martini\" width=\"320\" height=\"240\" \/><\/p>\n<\/div>\n<h2>Mein Lebenslauf im \u00dcberblick<\/h2>\n<ul class=\"fa-ul\">\n<li><span class=\"fa-li\"><i class=\"fas fa-chevron-right fa-sm\"><\/i><\/span>Ich wurde 1975 geboren, bin verheiratet und habe zwei Kinder.<\/li>\n<li><span class=\"fa-li\"><i class=\"fas fa-chevron-right fa-sm\"><\/i><\/span>Das Diplom-Studium der Psychologie habe ich 2001 an der Universit\u00e4t Bielefeld abgeschlossen.<\/li>\n<li><span class=\"fa-li\"><i class=\"fas fa-chevron-right fa-sm\"><\/i><\/span>Bei der deutschen Gesellschaft f\u00fcr Verhaltenstherapie (DGVT) habe ich mich berufsbegleitend zur Psychologischen Psychotherapeutin weitergebildet und bin seit 2006 approbiert.<\/li>\n<li><span class=\"fa-li\"><i class=\"fas fa-chevron-right fa-sm\"><\/i><\/span>2008 schloss sich eine Weiterbildung in Psychosozialer Onkologie (WPO) sowie 2016 eine in der Traumatherapie (AWP) an.<\/li>\n<li><span class=\"fa-li\"><i class=\"fas fa-chevron-right fa-sm\"><\/i><\/span>Seit 2013 bin ich von der IFT-Gesundheitsf\u00f6rderung zertifizierte Supervisorin (IFT) und begleite beim Bielefelder Institut f\u00fcr Psychologische Psychotherapieausbildung (BIPP) sowie bei der Gesellschaft f\u00fcr Angewandte Psychologie und Verhaltensmedizin (APV, M\u00fcnster) zuk\u00fcnftige KollegInnen auf ihrem Weg zur Approbation.<\/li>\n<li><span class=\"fa-li\"><i class=\"fas fa-chevron-right fa-sm\"><\/i><\/span>Als Dozentin bin ich f\u00fcr verschiedene Weiterbildungsinstitute t\u00e4tig.<\/li>\n<li><span class=\"fa-li\"><i class=\"fas fa-chevron-right fa-sm\"><\/i><\/span>Psychotherapeutisch war ich in der psychosomatischen Fachklinik Hochsauerland und in der psychotherapeutischen Praxis Tichi in Paderborn t\u00e4tig. Zwischen 2004 und 2012 habe ich im Psychoonkologischen Dienst des Evangelischen Krankenhauses Bielefeld gearbeitet. Von 2012 bis 2016 war ich in der Psychotherapeutischen Praxis Wilk in Bielefeld t\u00e4tig.<\/li>\n<li><span class=\"fa-li\"><i class=\"fas fa-chevron-right fa-sm\"><\/i><\/span>Seit Oktober 2016 praktiziere ich mit eigener Kassenzulassung.<\/li>\n<\/ul>\n<h2>Mein Lebenslauf im Einzelnen<\/h2>\n<h3>Aus- und Weiterbildung<\/h3>\n<ul class=\"fa-ul\">\n<li><span class=\"fa-li\"><i class=\"fas fa-chevron-right fa-sm\"><\/i><\/span>2016: Curriculum Traumatherapie (CTT) bei der Arbeitsgemeinschaft Wissenschaftliche Psychotherapie Freiburg (AWP)<\/li>\n<li><span class=\"fa-li\"><i class=\"fas fa-chevron-right fa-sm\"><\/i><\/span>2011\u20132013: Weiterbildung zur Supervisorin bei der IFT-Gesundheitsf\u00f6rderung<\/li>\n<li><span class=\"fa-li\"><i class=\"fas fa-chevron-right fa-sm\"><\/i><\/span>2008: Weiterbildung Psychosoziale Onkologie (WPO), Arbeitsgemeinschaft f\u00fcr Psychoonkologie der Deutschen Krebsgesellschaft e.V. (PSO) &amp; Deutsche Arbeitsgemeinschaft f\u00fcr Psychosoziale Onkologie (dapo)<\/li>\n<li><span class=\"fa-li\"><i class=\"fas fa-chevron-right fa-sm\"><\/i><\/span>2007: Erwerb des Fachkundenachweis Verhaltenstherapie-Erwachsene: Gruppentherapie, Lehrinstitut Bad Salzuflen, Zentrum Ausbildung Psychotherapie<\/li>\n<li><span class=\"fa-li\"><i class=\"fas fa-chevron-right fa-sm\"><\/i><\/span>2002\u20132006: Weiterbildung zur Psychologischen Psychotherapeutin mit Schwerpunkt Verhaltenstherapie, Deutsche Gesellschaft f\u00fcr Verhaltenstherapie (DGVT), Ausbildungszentrum M\u00fcnster<\/li>\n<li><span class=\"fa-li\"><i class=\"fas fa-chevron-right fa-sm\"><\/i><\/span>1994\u20132001: Diplom-Psychologie, Universit\u00e4t Bielefeld<\/li>\n<\/ul>\n<h3>Berufserfahrung<\/h3>\n<ul class=\"fa-ul\">\n<li><span class=\"fa-li\"><i class=\"fas fa-chevron-right fa-sm\"><\/i><\/span>seit 2021: Psychologin in eigener Praxis<\/li>\n<li><span class=\"fa-li\"><i class=\"fas fa-chevron-right fa-sm\"><\/i><\/span>2018-2021: Psychologin in der Psychologischen Praxis Prange &amp; Sch\u00f6n und Schulte-Martini<\/li>\n<li><span class=\"fa-li\"><i class=\"fas fa-chevron-right fa-sm\"><\/i><\/span>2016\u20132018: Psychologin in der Psychotherapeutischen Praxengemeinschaft Wilk, Schulte-Martini, Dr. Trentowska, Krah\u00e9<\/li>\n<li><span class=\"fa-li\"><i class=\"fas fa-chevron-right fa-sm\"><\/i><\/span>2012\u20132016: Psychologin in der Psychotherapeutischen Praxis Wilk, Bielefeld<\/li>\n<li><span class=\"fa-li\"><i class=\"fas fa-chevron-right fa-sm\"><\/i><\/span>2004\u20132012: Psychologin im Evangelischen Krankenhaus Bielefeld, Johannesstift, Psychoonkologischer Dienst<\/li>\n<li><span class=\"fa-li\"><i class=\"fas fa-chevron-right fa-sm\"><\/i><\/span>2004\u20132006: Psychologin in der Psychotherapeutischen Praxis Tichi, Paderborn<\/li>\n<li><span class=\"fa-li\"><i class=\"fas fa-chevron-right fa-sm\"><\/i><\/span>2003\u20132004: Psychologin in der internistisch psychosomatischen Fachklinik Hochsauerland, Bad Fredeburg<\/li>\n<li><span class=\"fa-li\"><i class=\"fas fa-chevron-right fa-sm\"><\/i><\/span>2002\u20132003: Psychologin in der Justizvollzugsanstalt B\u00fcren (Westf.)<\/li>\n<li><span class=\"fa-li\"><i class=\"fas fa-chevron-right fa-sm\"><\/i><\/span>2001\u20132003: Psychologin im Berufsbildungswerk Bethel, Psychologischer Dienst: Bereich Ausbildung, Arbeitserprobung und Vorstellung<\/li>\n<\/ul>\n<h3>Dozentent\u00e4tigkeit<\/h3>\n<p>seit 2007: Vortr\u00e4ge bei verschiedenen staatlich anerkannten Aus- und Weiterbildungsinstituten und sozialen Tr\u00e4gern zu den Themen Depression, Krisenintervention, psychosoziale Betreuung von Krebspatienten, Sterben und Trauer sowie anhaltende Trauerst\u00f6rung<\/p>\n","protected":false},"excerpt":{"rendered":"<p>\u00dcber mich Mein Lebenslauf im \u00dcberblick Ich wurde 1975 geboren, bin verheiratet und habe zwei Kinder. Das Diplom-Studium der Psychologie habe ich 2001 an der Universit\u00e4t Bielefeld abgeschlossen. Bei der deutschen Gesellschaft f\u00fcr Verhaltenstherapie (DGVT) habe ich mich berufsbegleitend zur Psychologischen Psychotherapeutin weitergebildet und bin seit 2006 approbiert. 2008 schloss sich eine Weiterbildung in Psychosozialer &#8230; <a title=\"\u00dcber mich\" class=\"read-more\" href=\"https:\/\/www.schulte-martini.de\/?page_id=23\">Weiterlesen &#8230;<\/a><\/p>\n","protected":false},"author":1,"featured_media":0,"parent":0,"menu_order":1,"comment_status":"closed","ping_status":"closed","template":"","meta":{"footnotes":""},"class_list":["post-23","page","type-page","status-publish"],"yoast_head":"<!-- This site is optimized with the Yoast SEO plugin v27.4 - https:\/\/yoast.com\/product\/yoast-seo-wordpress\/ -->\n<title>\u00dcber mich | Stefanie Schulte-Martini - Psychotherapie &amp; Supervision - Bielefeld<\/title>\n<meta name=\"description\" content=\"Psychotherapeutische Praxis - Dipl.-Psych., Verhaltenstherapeutin, Supervisorin - Bielefeld-Innenstadt - (05 21) 92 01 12 90 - praxis@schulte-martini.de\" \/>\n<meta name=\"robots\" content=\"index, follow, max-snippet:-1, max-image-preview:large, max-video-preview:-1\" \/>\n<link rel=\"canonical\" href=\"https:\/\/www.schulte-martini.de\/?page_id=23\" \/>\n<meta property=\"og:locale\" content=\"de_DE\" \/>\n<meta property=\"og:type\" content=\"article\" \/>\n<meta property=\"og:title\" content=\"\u00dcber mich | Stefanie Schulte-Martini - Psychotherapie &amp; Supervision - Bielefeld\" \/>\n<meta property=\"og:description\" content=\"Psychotherapeutische Praxis - Dipl.-Psych., Verhaltenstherapeutin, Supervisorin - Bielefeld-Innenstadt - (05 21) 92 01 12 90 - praxis@schulte-martini.de\" \/>\n<meta property=\"og:url\" content=\"https:\/\/www.schulte-martini.de\/?page_id=23\" \/>\n<meta property=\"og:site_name\" content=\"Stefanie Schulte-Martini\" \/>\n<meta property=\"article:modified_time\" content=\"2025-11-30T09:16:33+00:00\" \/>\n<meta property=\"og:image\" content=\"http:\/\/www.schulte-martini.de\/wordpress\/wp-content\/uploads\/2025\/11\/aboutme_1200_900.jpg\" \/>\n<meta name=\"twitter:card\" content=\"summary_large_image\" \/>\n<meta name=\"twitter:label1\" content=\"Gesch\u00e4tzte Lesezeit\" \/>\n\t<meta name=\"twitter:data1\" content=\"3\u00a0Minuten\" \/>\n<script type=\"application\/ld+json\" class=\"yoast-schema-graph\">{\"@context\":\"https:\\\/\\\/schema.org\",\"@graph\":[{\"@type\":\"WebPage\",\"@id\":\"https:\\\/\\\/www.schulte-martini.de\\\/?page_id=23\",\"url\":\"https:\\\/\\\/www.schulte-martini.de\\\/?page_id=23\",\"name\":\"\u00dcber mich | Stefanie Schulte-Martini - Psychotherapie & Supervision - Bielefeld\",\"isPartOf\":{\"@id\":\"https:\\\/\\\/www.schulte-martini.de\\\/#website\"},\"primaryImageOfPage\":{\"@id\":\"https:\\\/\\\/www.schulte-martini.de\\\/?page_id=23#primaryimage\"},\"image\":{\"@id\":\"https:\\\/\\\/www.schulte-martini.de\\\/?page_id=23#primaryimage\"},\"thumbnailUrl\":\"http:\\\/\\\/www.schulte-martini.de\\\/wordpress\\\/wp-content\\\/uploads\\\/2025\\\/11\\\/aboutme_1200_900.jpg\",\"datePublished\":\"2017-02-28T20:22:04+00:00\",\"dateModified\":\"2025-11-30T09:16:33+00:00\",\"description\":\"Psychotherapeutische Praxis - Dipl.-Psych., Verhaltenstherapeutin, Supervisorin - Bielefeld-Innenstadt - (05 21) 92 01 12 90 - praxis@schulte-martini.de\",\"breadcrumb\":{\"@id\":\"https:\\\/\\\/www.schulte-martini.de\\\/?page_id=23#breadcrumb\"},\"inLanguage\":\"de\",\"potentialAction\":[{\"@type\":\"ReadAction\",\"target\":[\"https:\\\/\\\/www.schulte-martini.de\\\/?page_id=23\"]}]},{\"@type\":\"ImageObject\",\"inLanguage\":\"de\",\"@id\":\"https:\\\/\\\/www.schulte-martini.de\\\/?page_id=23#primaryimage\",\"url\":\"http:\\\/\\\/www.schulte-martini.de\\\/wordpress\\\/wp-content\\\/uploads\\\/2025\\\/11\\\/aboutme_1200_900.jpg\",\"contentUrl\":\"http:\\\/\\\/www.schulte-martini.de\\\/wordpress\\\/wp-content\\\/uploads\\\/2025\\\/11\\\/aboutme_1200_900.jpg\"},{\"@type\":\"BreadcrumbList\",\"@id\":\"https:\\\/\\\/www.schulte-martini.de\\\/?page_id=23#breadcrumb\",\"itemListElement\":[{\"@type\":\"ListItem\",\"position\":1,\"name\":\"Startseite\",\"item\":\"https:\\\/\\\/www.schulte-martini.de\\\/\"},{\"@type\":\"ListItem\",\"position\":2,\"name\":\"\u00dcber mich\"}]},{\"@type\":\"WebSite\",\"@id\":\"https:\\\/\\\/www.schulte-martini.de\\\/#website\",\"url\":\"https:\\\/\\\/www.schulte-martini.de\\\/\",\"name\":\"Stefanie Schulte-Martini\",\"description\":\"Psychotherapie &amp; Supervision - Bielefeld\",\"publisher\":{\"@id\":\"https:\\\/\\\/www.schulte-martini.de\\\/#organization\"},\"potentialAction\":[{\"@type\":\"SearchAction\",\"target\":{\"@type\":\"EntryPoint\",\"urlTemplate\":\"https:\\\/\\\/www.schulte-martini.de\\\/?s={search_term_string}\"},\"query-input\":{\"@type\":\"PropertyValueSpecification\",\"valueRequired\":true,\"valueName\":\"search_term_string\"}}],\"inLanguage\":\"de\"},{\"@type\":\"Organization\",\"@id\":\"https:\\\/\\\/www.schulte-martini.de\\\/#organization\",\"name\":\"Psychotherapeutische Praxis & Supervision Dipl.-Psych. Stefanie Schulte-Martini\",\"url\":\"https:\\\/\\\/www.schulte-martini.de\\\/\",\"logo\":{\"@type\":\"ImageObject\",\"inLanguage\":\"de\",\"@id\":\"https:\\\/\\\/www.schulte-martini.de\\\/#\\\/schema\\\/logo\\\/image\\\/\",\"url\":\"https:\\\/\\\/www.schulte-martini.de\\\/wordpress\\\/wp-content\\\/uploads\\\/2022\\\/11\\\/SSM_1_square.jpg\",\"contentUrl\":\"https:\\\/\\\/www.schulte-martini.de\\\/wordpress\\\/wp-content\\\/uploads\\\/2022\\\/11\\\/SSM_1_square.jpg\",\"width\":1983,\"height\":1983,\"caption\":\"Psychotherapeutische Praxis & Supervision Dipl.-Psych. Stefanie Schulte-Martini\"},\"image\":{\"@id\":\"https:\\\/\\\/www.schulte-martini.de\\\/#\\\/schema\\\/logo\\\/image\\\/\"}}]}<\/script>\n<!-- \/ Yoast SEO plugin. -->","yoast_head_json":{"title":"\u00dcber mich | Stefanie Schulte-Martini - Psychotherapie & Supervision - Bielefeld","description":"Psychotherapeutische Praxis - Dipl.-Psych., Verhaltenstherapeutin, Supervisorin - Bielefeld-Innenstadt - (05 21) 92 01 12 90 - praxis@schulte-martini.de","robots":{"index":"index","follow":"follow","max-snippet":"max-snippet:-1","max-image-preview":"max-image-preview:large","max-video-preview":"max-video-preview:-1"},"canonical":"https:\/\/www.schulte-martini.de\/?page_id=23","og_locale":"de_DE","og_type":"article","og_title":"\u00dcber mich | Stefanie Schulte-Martini - Psychotherapie & Supervision - Bielefeld","og_description":"Psychotherapeutische Praxis - Dipl.-Psych., Verhaltenstherapeutin, Supervisorin - Bielefeld-Innenstadt - (05 21) 92 01 12 90 - praxis@schulte-martini.de","og_url":"https:\/\/www.schulte-martini.de\/?page_id=23","og_site_name":"Stefanie Schulte-Martini","article_modified_time":"2025-11-30T09:16:33+00:00","og_image":[{"url":"http:\/\/www.schulte-martini.de\/wordpress\/wp-content\/uploads\/2025\/11\/aboutme_1200_900.jpg","type":"","width":"","height":""}],"twitter_card":"summary_large_image","twitter_misc":{"Gesch\u00e4tzte Lesezeit":"3\u00a0Minuten"},"schema":{"@context":"https:\/\/schema.org","@graph":[{"@type":"WebPage","@id":"https:\/\/www.schulte-martini.de\/?page_id=23","url":"https:\/\/www.schulte-martini.de\/?page_id=23","name":"\u00dcber mich | Stefanie Schulte-Martini - Psychotherapie & Supervision - Bielefeld","isPartOf":{"@id":"https:\/\/www.schulte-martini.de\/#website"},"primaryImageOfPage":{"@id":"https:\/\/www.schulte-martini.de\/?page_id=23#primaryimage"},"image":{"@id":"https:\/\/www.schulte-martini.de\/?page_id=23#primaryimage"},"thumbnailUrl":"http:\/\/www.schulte-martini.de\/wordpress\/wp-content\/uploads\/2025\/11\/aboutme_1200_900.jpg","datePublished":"2017-02-28T20:22:04+00:00","dateModified":"2025-11-30T09:16:33+00:00","description":"Psychotherapeutische Praxis - Dipl.-Psych., Verhaltenstherapeutin, Supervisorin - Bielefeld-Innenstadt - (05 21) 92 01 12 90 - praxis@schulte-martini.de","breadcrumb":{"@id":"https:\/\/www.schulte-martini.de\/?page_id=23#breadcrumb"},"inLanguage":"de","potentialAction":[{"@type":"ReadAction","target":["https:\/\/www.schulte-martini.de\/?page_id=23"]}]},{"@type":"ImageObject","inLanguage":"de","@id":"https:\/\/www.schulte-martini.de\/?page_id=23#primaryimage","url":"http:\/\/www.schulte-martini.de\/wordpress\/wp-content\/uploads\/2025\/11\/aboutme_1200_900.jpg","contentUrl":"http:\/\/www.schulte-martini.de\/wordpress\/wp-content\/uploads\/2025\/11\/aboutme_1200_900.jpg"},{"@type":"BreadcrumbList","@id":"https:\/\/www.schulte-martini.de\/?page_id=23#breadcrumb","itemListElement":[{"@type":"ListItem","position":1,"name":"Startseite","item":"https:\/\/www.schulte-martini.de\/"},{"@type":"ListItem","position":2,"name":"\u00dcber mich"}]},{"@type":"WebSite","@id":"https:\/\/www.schulte-martini.de\/#website","url":"https:\/\/www.schulte-martini.de\/","name":"Stefanie Schulte-Martini","description":"Psychotherapie &amp; Supervision - Bielefeld","publisher":{"@id":"https:\/\/www.schulte-martini.de\/#organization"},"potentialAction":[{"@type":"SearchAction","target":{"@type":"EntryPoint","urlTemplate":"https:\/\/www.schulte-martini.de\/?s={search_term_string}"},"query-input":{"@type":"PropertyValueSpecification","valueRequired":true,"valueName":"search_term_string"}}],"inLanguage":"de"},{"@type":"Organization","@id":"https:\/\/www.schulte-martini.de\/#organization","name":"Psychotherapeutische Praxis & Supervision Dipl.-Psych. Stefanie Schulte-Martini","url":"https:\/\/www.schulte-martini.de\/","logo":{"@type":"ImageObject","inLanguage":"de","@id":"https:\/\/www.schulte-martini.de\/#\/schema\/logo\/image\/","url":"https:\/\/www.schulte-martini.de\/wordpress\/wp-content\/uploads\/2022\/11\/SSM_1_square.jpg","contentUrl":"https:\/\/www.schulte-martini.de\/wordpress\/wp-content\/uploads\/2022\/11\/SSM_1_square.jpg","width":1983,"height":1983,"caption":"Psychotherapeutische Praxis & Supervision Dipl.-Psych. Stefanie Schulte-Martini"},"image":{"@id":"https:\/\/www.schulte-martini.de\/#\/schema\/logo\/image\/"}}]}},"_links":{"self":[{"href":"https:\/\/www.schulte-martini.de\/index.php?rest_route=\/wp\/v2\/pages\/23","targetHints":{"allow":["GET"]}}],"collection":[{"href":"https:\/\/www.schulte-martini.de\/index.php?rest_route=\/wp\/v2\/pages"}],"about":[{"href":"https:\/\/www.schulte-martini.de\/index.php?rest_route=\/wp\/v2\/types\/page"}],"author":[{"embeddable":true,"href":"https:\/\/www.schulte-martini.de\/index.php?rest_route=\/wp\/v2\/users\/1"}],"replies":[{"embeddable":true,"href":"https:\/\/www.schulte-martini.de\/index.php?rest_route=%2Fwp%2Fv2%2Fcomments&post=23"}],"version-history":[{"count":78,"href":"https:\/\/www.schulte-martini.de\/index.php?rest_route=\/wp\/v2\/pages\/23\/revisions"}],"predecessor-version":[{"id":1903,"href":"https:\/\/www.schulte-martini.de\/index.php?rest_route=\/wp\/v2\/pages\/23\/revisions\/1903"}],"wp:attachment":[{"href":"https:\/\/www.schulte-martini.de\/index.php?rest_route=%2Fwp%2Fv2%2Fmedia&parent=23"}],"curies":[{"name":"wp","href":"https:\/\/api.w.org\/{rel}","templated":true}]}}